{"id":1047,"date":"2019-02-01T23:55:09","date_gmt":"2019-02-01T23:55:09","guid":{"rendered":"http:\/\/dev.consignocloud.com\/?page_id=1047"},"modified":"2019-02-02T00:07:37","modified_gmt":"2019-02-02T00:07:37","slug":"tableau-de-bord-de-lorganisation","status":"publish","type":"page","link":"https:\/\/dev.consignocloud.com\/fr\/tableau-de-bord-de-lorganisation\/","title":{"rendered":"Tableau de bord de l\u2019organisation"},"content":{"rendered":"<div class=\"wpb-content-wrapper\"><p>[vc_row el_class=\u00a0\u00bbhelp-text-block\u00a0\u00bb][vc_column][vc_column_text el_class=\u00a0\u00bbhelp-title\u00a0\u00bb]<\/p>\n<h1 style=\"text-align: center;\">AIDE<\/h1>\n<p>[\/vc_column_text][vc_column_text el_class=\u00a0\u00bbhelp-subtitle\u00a0\u00bb]<\/p>\n<h2 style=\"text-align: center;\">Guide d\u2019utilisation de ConsignO Cloud<\/h2>\n<p>[\/vc_column_text][\/vc_column][\/vc_row][vc_row el_class=\u00a0\u00bbhelp-text-block\u00a0\u00bb][vc_column][vc_column_text el_class=\u00a0\u00bbhelp-title-text\u00a0\u00bb]<\/p>\n<h3 style=\"text-align: center;\">Tableau de bord de l&rsquo;organisation<\/h3>\n<p>[\/vc_column_text][vc_raw_html]JTNDcCUzRURpc3BvbmlibGUlMjBhdmVjJTIwJTNBJTIwJTNDc3BhbiUyMGNsYXNzJTNEJTIydHlwZS1wcm9kdWN0LWluc2lkZSUyMiUzRSUyMCUzQ2klMjBjbGFzcyUzRCUyMmZhcyUyMGZhLWNpcmNsZSUyMGJsdWUlMjIlM0UlM0MlMkZpJTNFJTIwRm9yZmFpdCUyMGFmZmFpcmVzJTIwJTNDaSUyMGNsYXNzJTNEJTIyZmFzJTIwZmEtY2lyY2xlJTIwb3JhbmdlJTIyJTNFJTNDJTJGaSUzRSUyMEZvcmZhaXQlMjBlbnRyZXByaXNlJTNDJTJGc3BhbiUzRSUzQyUyRnAlM0U=[\/vc_raw_html][vc_column_text]Vous pouvez acc\u00e9der au tableau de bord des projets de l&rsquo;organisation en cliquant sur l&rsquo;ic\u00f4ne des projets de l\u2019organisation situ\u00e9e dans la barre lat\u00e9rale gauche.[\/vc_column_text][vc_single_image image=\u00a0\u00bb1048&Prime; img_size=\u00a0\u00bbfull\u00a0\u00bb el_class=\u00a0\u00bbhelp-highlights-img\u00a0\u00bb][vc_column_text el_class=\u00a0\u00bbhelp-highlights-txt\u00a0\u00bb]<em><img loading=\"lazy\" decoding=\"async\" class=\"alignnone size-full wp-image-871\" src=\"http:\/\/dev.consignocloud.com\/wp-content\/uploads\/2019\/02\/icon-infos-small.png\" alt=\"\" width=\"16\" height=\"16\" \/>\u00a0<\/em>Cette ic\u00f4ne ne s\u2019affiche que si l\u2019utilisateur d\u00e9tient un r\u00f4le suppl\u00e9mentaire ou fait partie d&rsquo;un groupe d\u2019utilisateurs.[\/vc_column_text][vc_column_text]Le tableau de bord des projets de l&rsquo;organisation affiche tous les projets de l&rsquo;organisation pour lesquels l&rsquo;<a href=\"\/fr\/gerer-les-utilisateurs#gerer-les-utilisateurs\" target=\"_blank\" rel=\"noopener\">utilisateur en cours d\u00e9tient les droits appropri\u00e9s<\/a>.<\/p>\n<p>Le tableau de bord des projets de l\u2019organisation comprend :<\/p>\n<ul>\n<li>Les projets cr\u00e9\u00e9s par l&rsquo;utilisateur actuel;<\/li>\n<li>Les projets des groupes auxquels l&rsquo;utilisateur actuel appartient;<\/li>\n<li>Tous les projets de l&rsquo;organisation pour lesquels l&rsquo;utilisateur d\u00e9tient un r\u00f4le suppl\u00e9mentaire et les droits appropri\u00e9s.<\/li>\n<\/ul>\n<p>[\/vc_column_text][vc_single_image image=\u00a0\u00bb1050&Prime; img_size=\u00a0\u00bbfull\u00a0\u00bb el_class=\u00a0\u00bbhelp-highlights-img\u00a0\u00bb][vc_column_text]En plus des fonctionnalit\u00e9s du <a href=\"https:\/\/dev.consignocloud.com\/fr\/le-tableau-de-bord\/\" target=\"_blank\" rel=\"noopener\">tableau de bord<\/a>, le tableau de bord des projets de l&rsquo;organisation permet de voir qui est l&rsquo;instrumentant d\u2019un projet, c\u2019est-\u00e0-dire la personne qui a cr\u00e9\u00e9 le projet de signature, et comprend un filtre de recherche permettant d&rsquo;afficher les projets de signature d\u2019un groupe en particulier.[\/vc_column_text][vc_empty_space height=\u00a0\u00bb80px\u00a0\u00bb][\/vc_column][\/vc_row]<\/p>\n<\/div>","protected":false},"excerpt":{"rendered":"<p>[vc_row el_class=\u00a0\u00bbhelp-text-block\u00a0\u00bb][vc_column][vc_column_text el_class=\u00a0\u00bbhelp-title\u00a0\u00bb] AIDE [\/vc_column_text][vc_column_text el_class=\u00a0\u00bbhelp-subtitle\u00a0\u00bb] Guide d\u2019utilisation de ConsignO Cloud [\/vc_column_text][\/vc_column][\/vc_row][vc_row el_class=\u00a0\u00bbhelp-text-block\u00a0\u00bb][vc_column][vc_column_text el_class=\u00a0\u00bbhelp-title-text\u00a0\u00bb] Tableau de bord de l&rsquo;organisation [\/vc_column_text][vc_raw_html]JTNDcCUzRURpc3BvbmlibGUlMjBhdmVjJTIwJTNBJTIwJTNDc3BhbiUyMGNsYXNzJTNEJTIydHlwZS1wcm9kdWN0LWluc2lkZSUyMiUzRSUyMCUzQ2klMjBjbGFzcyUzRCUyMmZhcyUyMGZhLWNpcmNsZSUyMGJsdWUlMjIlM0UlM0MlMkZpJTNFJTIwRm9yZmFpdCUyMGFmZmFpcmVzJTIwJTNDaSUyMGNsYXNzJTNEJTIyZmFzJTIwZmEtY2lyY2xlJTIwb3JhbmdlJTIyJTNFJTNDJTJGaSUzRSUyMEZvcmZhaXQlMjBlbnRyZXByaXNlJTNDJTJGc3BhbiUzRSUzQyUyRnAlM0U=[\/vc_raw_html][vc_column_text]Vous pouvez acc\u00e9der au tableau de bord des projets de l&rsquo;organisation en cliquant sur l&rsquo;ic\u00f4ne des projets de l\u2019organisation situ\u00e9e dans la barre lat\u00e9rale gauche.[\/vc_column_text][vc_single_image image=\u00a0\u00bb1048&Prime; img_size=\u00a0\u00bbfull\u00a0\u00bb el_class=\u00a0\u00bbhelp-highlights-img\u00a0\u00bb][vc_column_text el_class=\u00a0\u00bbhelp-highlights-txt\u00a0\u00bb]\u00a0Cette ic\u00f4ne ne s\u2019affiche que si l\u2019utilisateur d\u00e9tient&hellip;<\/p>\n","protected":false},"author":29,"featured_media":0,"parent":0,"menu_order":0,"comment_status":"closed","ping_status":"closed","template":"","meta":{"footnotes":""},"class_list":["post-1047","page","type-page","status-publish","hentry","description-off"],"_links":{"self":[{"href":"https:\/\/dev.consignocloud.com\/fr\/wp-json\/wp\/v2\/pages\/1047","targetHints":{"allow":["GET"]}}],"collection":[{"href":"https:\/\/dev.consignocloud.com\/fr\/wp-json\/wp\/v2\/pages"}],"about":[{"href":"https:\/\/dev.consignocloud.com\/fr\/wp-json\/wp\/v2\/types\/page"}],"author":[{"embeddable":true,"href":"https:\/\/dev.consignocloud.com\/fr\/wp-json\/wp\/v2\/users\/29"}],"replies":[{"embeddable":true,"href":"https:\/\/dev.consignocloud.com\/fr\/wp-json\/wp\/v2\/comments?post=1047"}],"version-history":[{"count":0,"href":"https:\/\/dev.consignocloud.com\/fr\/wp-json\/wp\/v2\/pages\/1047\/revisions"}],"wp:attachment":[{"href":"https:\/\/dev.consignocloud.com\/fr\/wp-json\/wp\/v2\/media?parent=1047"}],"curies":[{"name":"wp","href":"https:\/\/api.w.org\/{rel}","templated":true}]}}